{"id":987501468,"date":"2023-11-08T06:58:08","date_gmt":"2023-11-08T06:58:08","guid":{"rendered":"https:\/\/www.solunawear.com\/?post_type=product&#038;p=987501468"},"modified":"2025-01-17T13:39:06","modified_gmt":"2025-01-17T13:39:06","slug":"test-urunu","status":"publish","type":"product","link":"https:\/\/www.solunawear.com\/index.php\/product\/test-urunu\/","title":{"rendered":"test \u00fcr\u00fcn\u00fc"},"content":{"rendered":"<p>this is test product, dont buy it<\/p>\n","protected":false},"excerpt":{"rendered":"<p>this is test product, dont buy it<\/p>\n","protected":false},"featured_media":987501184,"comment_status":"open","ping_status":"closed","template":"","meta":{"_et_pb_use_builder":"","_et_pb_old_content":"","_et_gb_content_width":""},"product_cat":[19],"product_tag":[],"class_list":["post-987501468","product","type-product","status-publish","has-post-thumbnail","hentry","product_cat-uncategorized"],"_links":{"self":[{"href":"https:\/\/www.solunawear.com\/index.php\/wp-json\/wp\/v2\/product\/987501468","targetHints":{"allow":["GET"]}}],"collection":[{"href":"https:\/\/www.solunawear.com\/index.php\/wp-json\/wp\/v2\/product"}],"about":[{"href":"https:\/\/www.solunawear.com\/index.php\/wp-json\/wp\/v2\/types\/product"}],"replies":[{"embeddable":true,"href":"https:\/\/www.solunawear.com\/index.php\/wp-json\/wp\/v2\/comments?post=987501468"}],"wp:featuredmedia":[{"embeddable":true,"href":"https:\/\/www.solunawear.com\/index.php\/wp-json\/wp\/v2\/media\/987501184"}],"wp:attachment":[{"href":"https:\/\/www.solunawear.com\/index.php\/wp-json\/wp\/v2\/media?parent=987501468"}],"wp:term":[{"taxonomy":"product_cat","embeddable":true,"href":"https:\/\/www.solunawear.com\/index.php\/wp-json\/wp\/v2\/product_cat?post=987501468"},{"taxonomy":"product_tag","embeddable":true,"href":"https:\/\/www.solunawear.com\/index.php\/wp-json\/wp\/v2\/product_tag?post=987501468"}],"curies":[{"name":"wp","href":"https:\/\/api.w.org\/{rel}","templated":true}]}}